{"id":2,"date":"2024-03-28T16:51:53","date_gmt":"2024-03-28T15:51:53","guid":{"rendered":"http:\/\/2024.crieur-public.com\/?page_id=2"},"modified":"2024-03-28T17:33:06","modified_gmt":"2024-03-28T16:33:06","slug":"beispiel-seite","status":"publish","type":"page","link":"https:\/\/crieur-public.com\/en\/beispiel-seite\/","title":{"rendered":"Beispiel-Seite"},"content":{"rendered":"\n<p>Dies ist eine Beispiel-Seite. Sie unterscheidet sich von Beitr\u00e4gen, da sie stets an derselben Stelle bleibt und (bei den meisten Themes) in der Website-Navigation angezeigt wird. Die meisten starten mit einem Impressum, der Datenschutzerkl\u00e4rung oder einer \u201e\u00dcber&nbsp;uns\u201c-Seite, um sich potenziellen Besuchern der Website vorzustellen. Dort k\u00f6nnte zum Beispiel stehen:<\/p>\n\n\n\n<blockquote class=\"wp-block-quote is-layout-flow wp-block-quote-is-layout-flow\">\n<p>Hallo! Tags\u00fcber arbeite ich als Fahrradkurier, nachts bin ich ein aufstrebender Schauspieler und dies hier ist meine Website. Ich lebe in Berlin, habe einen gro\u00dfen Hund namens Jack, mag Pi\u00f1a Coladas, jedoch weniger (ohne Schirm) im Regen stehen gelassen zu werden.<\/p>\n<\/blockquote>\n\n\n\n<p>&#8230;&nbsp;oder so etwas wie:<\/p>\n\n\n\n<blockquote class=\"wp-block-quote is-layout-flow wp-block-quote-is-layout-flow\">\n<p>Das Unternehmen XYZ wurde 1971 gegr\u00fcndet und versorgt die \u00d6ffentlichkeit seither mit qualitativ hochwertigen Produkten. An seinem Standort in einer kleinen Gro\u00dfstadt besch\u00e4ftigt der Betrieb \u00fcber 2.000 Menschen und unterst\u00fctzt die Stadtbewohner in vielfacher Hinsicht.<\/p>\n<\/blockquote>\n\n\n\n<p>Als neuer WordPress-Benutzer solltest du <a href=\"http:\/\/2024.crieur-public.com\/wp-admin\/\">dein Dashboard<\/a> aufrufen, um diese Seite zu l\u00f6schen und neue Seiten und Beitr\u00e4ge f\u00fcr deine Website erstellen. Viel Spa\u00df!<\/p>\n\n\n\n<p><\/p>\n","protected":false},"excerpt":{"rendered":"<p>Dies ist eine Beispiel-Seite. Sie unterscheidet sich von Beitr\u00e4gen, da sie stets an derselben Stelle bleibt und (bei den meisten Themes) in der Website-Navigation angezeigt wird. Die meisten starten mit einem Impressum, der Datenschutzerkl\u00e4rung oder einer \u201e\u00dcber&nbsp;uns\u201c-Seite, um sich potenziellen Besuchern der Website vorzustellen. Dort k\u00f6nnte zum Beispiel stehen: Hallo! Tags\u00fcber arbeite ich als Fahrradkurier, &hellip; <a href=\"https:\/\/crieur-public.com\/en\/beispiel-seite\/\" class=\"more-link\">Continue reading <span class=\"screen-reader-text\">Beispiel-Seite<\/span> <span class=\"meta-nav\">&rarr;<\/span><\/a><\/p>\n","protected":false},"author":1,"featured_media":0,"parent":0,"menu_order":0,"comment_status":"closed","ping_status":"open","template":"","meta":{"footnotes":""},"class_list":["post-2","page","type-page","status-publish","hentry"],"yoast_head":"<!-- This site is optimized with the Yoast SEO plugin v27.5 - https:\/\/yoast.com\/product\/yoast-seo-wordpress\/ -->\n<title>Beispiel-Seite - Crieur Public<\/title>\n<meta name=\"robots\" content=\"index, follow, max-snippet:-1, max-image-preview:large, max-video-preview:-1\" \/>\n<link rel=\"canonical\" href=\"https:\/\/crieur-public.com\/beispiel-seite\/\" \/>\n<meta property=\"og:locale\" content=\"en_US\" \/>\n<meta property=\"og:type\" content=\"article\" \/>\n<meta property=\"og:title\" content=\"Beispiel-Seite - Crieur Public\" \/>\n<meta property=\"og:description\" content=\"Dies ist eine Beispiel-Seite. Sie unterscheidet sich von Beitr\u00e4gen, da sie stets an derselben Stelle bleibt und (bei den meisten Themes) in der Website-Navigation angezeigt wird. Die meisten starten mit einem Impressum, der Datenschutzerkl\u00e4rung oder einer \u201e\u00dcber&nbsp;uns\u201c-Seite, um sich potenziellen Besuchern der Website vorzustellen. Dort k\u00f6nnte zum Beispiel stehen: Hallo! Tags\u00fcber arbeite ich als Fahrradkurier, &hellip; Continue reading Beispiel-Seite &rarr;\" \/>\n<meta property=\"og:url\" content=\"https:\/\/crieur-public.com\/beispiel-seite\/\" \/>\n<meta property=\"og:site_name\" content=\"Crieur Public\" \/>\n<meta property=\"article:modified_time\" content=\"2024-03-28T16:33:06+00:00\" \/>\n<meta name=\"twitter:card\" content=\"summary_large_image\" \/>\n<meta name=\"twitter:label1\" content=\"Est. reading time\" \/>\n\t<meta name=\"twitter:data1\" content=\"1 minute\" \/>\n<script type=\"application\/ld+json\" class=\"yoast-schema-graph\">{\"@context\":\"https:\\\/\\\/schema.org\",\"@graph\":[{\"@type\":\"WebPage\",\"@id\":\"https:\\\/\\\/crieur-public.com\\\/beispiel-seite\\\/\",\"url\":\"https:\\\/\\\/crieur-public.com\\\/beispiel-seite\\\/\",\"name\":\"Beispiel-Seite - Crieur Public\",\"isPartOf\":{\"@id\":\"https:\\\/\\\/crieur-public.com\\\/#website\"},\"datePublished\":\"2024-03-28T15:51:53+00:00\",\"dateModified\":\"2024-03-28T16:33:06+00:00\",\"breadcrumb\":{\"@id\":\"https:\\\/\\\/crieur-public.com\\\/beispiel-seite\\\/#breadcrumb\"},\"inLanguage\":\"en-US\",\"potentialAction\":[{\"@type\":\"ReadAction\",\"target\":[\"https:\\\/\\\/crieur-public.com\\\/beispiel-seite\\\/\"]}]},{\"@type\":\"BreadcrumbList\",\"@id\":\"https:\\\/\\\/crieur-public.com\\\/beispiel-seite\\\/#breadcrumb\",\"itemListElement\":[{\"@type\":\"ListItem\",\"position\":1,\"name\":\"Startseite\",\"item\":\"https:\\\/\\\/crieur-public.com\\\/\"},{\"@type\":\"ListItem\",\"position\":2,\"name\":\"Beispiel-Seite\"}]},{\"@type\":\"WebSite\",\"@id\":\"https:\\\/\\\/crieur-public.com\\\/#website\",\"url\":\"https:\\\/\\\/crieur-public.com\\\/\",\"name\":\"Crieur Public - Der \u00f6ffentliche Ausrufer \u00b7 Deutsch-franz\u00f6sischer Verlag\",\"description\":\"Deutsch-franz\u00f6sischer Verlag\",\"publisher\":{\"@id\":\"https:\\\/\\\/crieur-public.com\\\/#organization\"},\"potentialAction\":[{\"@type\":\"SearchAction\",\"target\":{\"@type\":\"EntryPoint\",\"urlTemplate\":\"https:\\\/\\\/crieur-public.com\\\/?s={search_term_string}\"},\"query-input\":{\"@type\":\"PropertyValueSpecification\",\"valueRequired\":true,\"valueName\":\"search_term_string\"}}],\"inLanguage\":\"en-US\"},{\"@type\":\"Organization\",\"@id\":\"https:\\\/\\\/crieur-public.com\\\/#organization\",\"name\":\"Franco-German publishing house\",\"url\":\"https:\\\/\\\/crieur-public.com\\\/\",\"logo\":{\"@type\":\"ImageObject\",\"inLanguage\":\"en-US\",\"@id\":\"https:\\\/\\\/crieur-public.com\\\/#\\\/schema\\\/logo\\\/image\\\/\",\"url\":\"https:\\\/\\\/crieur-public.com\\\/wp-content\\\/uploads\\\/2024\\\/03\\\/cropped-les-editions-du-crieur-public-logo.png\",\"contentUrl\":\"https:\\\/\\\/crieur-public.com\\\/wp-content\\\/uploads\\\/2024\\\/03\\\/cropped-les-editions-du-crieur-public-logo.png\",\"width\":1260,\"height\":406,\"caption\":\"Franco-German publishing house\"},\"image\":{\"@id\":\"https:\\\/\\\/crieur-public.com\\\/#\\\/schema\\\/logo\\\/image\\\/\"}}]}<\/script>\n<!-- \/ Yoast SEO plugin. -->","yoast_head_json":{"title":"Beispiel-Seite - Crieur Public","robots":{"index":"index","follow":"follow","max-snippet":"max-snippet:-1","max-image-preview":"max-image-preview:large","max-video-preview":"max-video-preview:-1"},"canonical":"https:\/\/crieur-public.com\/beispiel-seite\/","og_locale":"en_US","og_type":"article","og_title":"Beispiel-Seite - Crieur Public","og_description":"Dies ist eine Beispiel-Seite. Sie unterscheidet sich von Beitr\u00e4gen, da sie stets an derselben Stelle bleibt und (bei den meisten Themes) in der Website-Navigation angezeigt wird. Die meisten starten mit einem Impressum, der Datenschutzerkl\u00e4rung oder einer \u201e\u00dcber&nbsp;uns\u201c-Seite, um sich potenziellen Besuchern der Website vorzustellen. Dort k\u00f6nnte zum Beispiel stehen: Hallo! Tags\u00fcber arbeite ich als Fahrradkurier, &hellip; Continue reading Beispiel-Seite &rarr;","og_url":"https:\/\/crieur-public.com\/beispiel-seite\/","og_site_name":"Crieur Public","article_modified_time":"2024-03-28T16:33:06+00:00","twitter_card":"summary_large_image","twitter_misc":{"Est. reading time":"1 minute"},"schema":{"@context":"https:\/\/schema.org","@graph":[{"@type":"WebPage","@id":"https:\/\/crieur-public.com\/beispiel-seite\/","url":"https:\/\/crieur-public.com\/beispiel-seite\/","name":"Beispiel-Seite - Crieur Public","isPartOf":{"@id":"https:\/\/crieur-public.com\/#website"},"datePublished":"2024-03-28T15:51:53+00:00","dateModified":"2024-03-28T16:33:06+00:00","breadcrumb":{"@id":"https:\/\/crieur-public.com\/beispiel-seite\/#breadcrumb"},"inLanguage":"en-US","potentialAction":[{"@type":"ReadAction","target":["https:\/\/crieur-public.com\/beispiel-seite\/"]}]},{"@type":"BreadcrumbList","@id":"https:\/\/crieur-public.com\/beispiel-seite\/#breadcrumb","itemListElement":[{"@type":"ListItem","position":1,"name":"Startseite","item":"https:\/\/crieur-public.com\/"},{"@type":"ListItem","position":2,"name":"Beispiel-Seite"}]},{"@type":"WebSite","@id":"https:\/\/crieur-public.com\/#website","url":"https:\/\/crieur-public.com\/","name":"Crieur Public - Der \u00f6ffentliche Ausrufer \u00b7 Deutsch-franz\u00f6sischer Verlag","description":"Deutsch-franz\u00f6sischer Verlag","publisher":{"@id":"https:\/\/crieur-public.com\/#organization"},"potentialAction":[{"@type":"SearchAction","target":{"@type":"EntryPoint","urlTemplate":"https:\/\/crieur-public.com\/?s={search_term_string}"},"query-input":{"@type":"PropertyValueSpecification","valueRequired":true,"valueName":"search_term_string"}}],"inLanguage":"en-US"},{"@type":"Organization","@id":"https:\/\/crieur-public.com\/#organization","name":"Franco-German publishing house","url":"https:\/\/crieur-public.com\/","logo":{"@type":"ImageObject","inLanguage":"en-US","@id":"https:\/\/crieur-public.com\/#\/schema\/logo\/image\/","url":"https:\/\/crieur-public.com\/wp-content\/uploads\/2024\/03\/cropped-les-editions-du-crieur-public-logo.png","contentUrl":"https:\/\/crieur-public.com\/wp-content\/uploads\/2024\/03\/cropped-les-editions-du-crieur-public-logo.png","width":1260,"height":406,"caption":"Franco-German publishing house"},"image":{"@id":"https:\/\/crieur-public.com\/#\/schema\/logo\/image\/"}}]}},"_links":{"self":[{"href":"https:\/\/crieur-public.com\/en\/wp-json\/wp\/v2\/pages\/2","targetHints":{"allow":["GET"]}}],"collection":[{"href":"https:\/\/crieur-public.com\/en\/wp-json\/wp\/v2\/pages"}],"about":[{"href":"https:\/\/crieur-public.com\/en\/wp-json\/wp\/v2\/types\/page"}],"author":[{"embeddable":true,"href":"https:\/\/crieur-public.com\/en\/wp-json\/wp\/v2\/users\/1"}],"replies":[{"embeddable":true,"href":"https:\/\/crieur-public.com\/en\/wp-json\/wp\/v2\/comments?post=2"}],"version-history":[{"count":2,"href":"https:\/\/crieur-public.com\/en\/wp-json\/wp\/v2\/pages\/2\/revisions"}],"predecessor-version":[{"id":21,"href":"https:\/\/crieur-public.com\/en\/wp-json\/wp\/v2\/pages\/2\/revisions\/21"}],"wp:attachment":[{"href":"https:\/\/crieur-public.com\/en\/wp-json\/wp\/v2\/media?parent=2"}],"curies":[{"name":"wp","href":"https:\/\/api.w.org\/{rel}","templated":true}]}}