{"id":715,"date":"2020-03-10T17:13:07","date_gmt":"2020-03-10T16:13:07","guid":{"rendered":"https:\/\/crieur-public.com\/?page_id=715"},"modified":"2024-09-28T16:33:43","modified_gmt":"2024-09-28T14:33:43","slug":"conditions-generales","status":"publish","type":"page","link":"https:\/\/crieur-public.com\/fr\/conditions-generales\/","title":{"rendered":"Conditions g\u00e9n\u00e9rales"},"content":{"rendered":"<p><strong>Remarque concernant la responsabilit\u00e9 :<\/strong> malgr\u00e9 un contr\u00f4le minutieux du contenu, nous n&rsquo;assumons aucune responsabilit\u00e9 pour le contenu des liens externes. Seuls les exploitants de ces sites sont responsables de leur contenu.<\/p>\n","protected":false},"excerpt":{"rendered":"<p>Remarque concernant la responsabilit\u00e9 : malgr\u00e9 un contr\u00f4le minutieux du contenu, nous n&rsquo;assumons aucune responsabilit\u00e9 pour le contenu des liens externes. Seuls les exploitants de ces sites sont responsables de leur contenu.<\/p>\n","protected":false},"author":3,"featured_media":0,"parent":0,"menu_order":0,"comment_status":"closed","ping_status":"open","template":"","meta":{"footnotes":""},"class_list":["post-715","page","type-page","status-publish","hentry"],"yoast_head":"<!-- This site is optimized with the Yoast SEO plugin v27.3 - https:\/\/yoast.com\/product\/yoast-seo-wordpress\/ -->\n<title>Conditions g\u00e9n\u00e9rales - Crieur Public<\/title>\n<meta name=\"robots\" content=\"index, follow, max-snippet:-1, max-image-preview:large, max-video-preview:-1\" \/>\n<link rel=\"canonical\" href=\"https:\/\/crieur-public.com\/fr\/conditions-generales\/\" \/>\n<meta property=\"og:locale\" content=\"fr_FR\" \/>\n<meta property=\"og:type\" content=\"article\" \/>\n<meta property=\"og:title\" content=\"Conditions g\u00e9n\u00e9rales - Crieur Public\" \/>\n<meta property=\"og:description\" content=\"Remarque concernant la responsabilit\u00e9 : malgr\u00e9 un contr\u00f4le minutieux du contenu, nous n&rsquo;assumons aucune responsabilit\u00e9 pour le contenu des liens externes. Seuls les exploitants de ces sites sont responsables de leur contenu.\" \/>\n<meta property=\"og:url\" content=\"https:\/\/crieur-public.com\/fr\/conditions-generales\/\" \/>\n<meta property=\"og:site_name\" content=\"Crieur Public\" \/>\n<meta property=\"article:modified_time\" content=\"2024-09-28T14:33:43+00:00\" \/>\n<meta name=\"twitter:card\" content=\"summary_large_image\" \/>\n<meta name=\"twitter:label1\" content=\"Dur\u00e9e de lecture estim\u00e9e\" \/>\n\t<meta name=\"twitter:data1\" content=\"1 minute\" \/>\n<script type=\"application\/ld+json\" class=\"yoast-schema-graph\">{\"@context\":\"https:\\\/\\\/schema.org\",\"@graph\":[{\"@type\":\"WebPage\",\"@id\":\"https:\\\/\\\/crieur-public.com\\\/fr\\\/conditions-generales\\\/\",\"url\":\"https:\\\/\\\/crieur-public.com\\\/fr\\\/conditions-generales\\\/\",\"name\":\"Conditions g\u00e9n\u00e9rales - Crieur Public\",\"isPartOf\":{\"@id\":\"https:\\\/\\\/crieur-public.com\\\/#website\"},\"datePublished\":\"2020-03-10T16:13:07+00:00\",\"dateModified\":\"2024-09-28T14:33:43+00:00\",\"breadcrumb\":{\"@id\":\"https:\\\/\\\/crieur-public.com\\\/fr\\\/conditions-generales\\\/#breadcrumb\"},\"inLanguage\":\"fr-FR\",\"potentialAction\":[{\"@type\":\"ReadAction\",\"target\":[\"https:\\\/\\\/crieur-public.com\\\/fr\\\/conditions-generales\\\/\"]}]},{\"@type\":\"BreadcrumbList\",\"@id\":\"https:\\\/\\\/crieur-public.com\\\/fr\\\/conditions-generales\\\/#breadcrumb\",\"itemListElement\":[{\"@type\":\"ListItem\",\"position\":1,\"name\":\"Startseite\",\"item\":\"https:\\\/\\\/crieur-public.com\\\/\"},{\"@type\":\"ListItem\",\"position\":2,\"name\":\"Conditions g\u00e9n\u00e9rales\"}]},{\"@type\":\"WebSite\",\"@id\":\"https:\\\/\\\/crieur-public.com\\\/#website\",\"url\":\"https:\\\/\\\/crieur-public.com\\\/\",\"name\":\"Crieur Public - Der \u00f6ffentliche Ausrufer \u00b7 Deutsch-franz\u00f6sischer Verlag\",\"description\":\"Deutsch-franz\u00f6sischer Verlag\",\"publisher\":{\"@id\":\"https:\\\/\\\/crieur-public.com\\\/#organization\"},\"potentialAction\":[{\"@type\":\"SearchAction\",\"target\":{\"@type\":\"EntryPoint\",\"urlTemplate\":\"https:\\\/\\\/crieur-public.com\\\/?s={search_term_string}\"},\"query-input\":{\"@type\":\"PropertyValueSpecification\",\"valueRequired\":true,\"valueName\":\"search_term_string\"}}],\"inLanguage\":\"fr-FR\"},{\"@type\":\"Organization\",\"@id\":\"https:\\\/\\\/crieur-public.com\\\/#organization\",\"name\":\"Maison d'\u00e9dition franco-allemande\",\"url\":\"https:\\\/\\\/crieur-public.com\\\/\",\"logo\":{\"@type\":\"ImageObject\",\"inLanguage\":\"fr-FR\",\"@id\":\"https:\\\/\\\/crieur-public.com\\\/#\\\/schema\\\/logo\\\/image\\\/\",\"url\":\"https:\\\/\\\/crieur-public.com\\\/wp-content\\\/uploads\\\/2024\\\/03\\\/cropped-les-editions-du-crieur-public-logo.png\",\"contentUrl\":\"https:\\\/\\\/crieur-public.com\\\/wp-content\\\/uploads\\\/2024\\\/03\\\/cropped-les-editions-du-crieur-public-logo.png\",\"width\":1260,\"height\":406,\"caption\":\"Maison d'\u00e9dition franco-allemande\"},\"image\":{\"@id\":\"https:\\\/\\\/crieur-public.com\\\/#\\\/schema\\\/logo\\\/image\\\/\"}}]}<\/script>\n<!-- \/ Yoast SEO plugin. -->","yoast_head_json":{"title":"Conditions g\u00e9n\u00e9rales - Crieur Public","robots":{"index":"index","follow":"follow","max-snippet":"max-snippet:-1","max-image-preview":"max-image-preview:large","max-video-preview":"max-video-preview:-1"},"canonical":"https:\/\/crieur-public.com\/fr\/conditions-generales\/","og_locale":"fr_FR","og_type":"article","og_title":"Conditions g\u00e9n\u00e9rales - Crieur Public","og_description":"Remarque concernant la responsabilit\u00e9 : malgr\u00e9 un contr\u00f4le minutieux du contenu, nous n&rsquo;assumons aucune responsabilit\u00e9 pour le contenu des liens externes. Seuls les exploitants de ces sites sont responsables de leur contenu.","og_url":"https:\/\/crieur-public.com\/fr\/conditions-generales\/","og_site_name":"Crieur Public","article_modified_time":"2024-09-28T14:33:43+00:00","twitter_card":"summary_large_image","twitter_misc":{"Dur\u00e9e de lecture estim\u00e9e":"1 minute"},"schema":{"@context":"https:\/\/schema.org","@graph":[{"@type":"WebPage","@id":"https:\/\/crieur-public.com\/fr\/conditions-generales\/","url":"https:\/\/crieur-public.com\/fr\/conditions-generales\/","name":"Conditions g\u00e9n\u00e9rales - Crieur Public","isPartOf":{"@id":"https:\/\/crieur-public.com\/#website"},"datePublished":"2020-03-10T16:13:07+00:00","dateModified":"2024-09-28T14:33:43+00:00","breadcrumb":{"@id":"https:\/\/crieur-public.com\/fr\/conditions-generales\/#breadcrumb"},"inLanguage":"fr-FR","potentialAction":[{"@type":"ReadAction","target":["https:\/\/crieur-public.com\/fr\/conditions-generales\/"]}]},{"@type":"BreadcrumbList","@id":"https:\/\/crieur-public.com\/fr\/conditions-generales\/#breadcrumb","itemListElement":[{"@type":"ListItem","position":1,"name":"Startseite","item":"https:\/\/crieur-public.com\/"},{"@type":"ListItem","position":2,"name":"Conditions g\u00e9n\u00e9rales"}]},{"@type":"WebSite","@id":"https:\/\/crieur-public.com\/#website","url":"https:\/\/crieur-public.com\/","name":"Crieur Public - Der \u00f6ffentliche Ausrufer \u00b7 Deutsch-franz\u00f6sischer Verlag","description":"Deutsch-franz\u00f6sischer Verlag","publisher":{"@id":"https:\/\/crieur-public.com\/#organization"},"potentialAction":[{"@type":"SearchAction","target":{"@type":"EntryPoint","urlTemplate":"https:\/\/crieur-public.com\/?s={search_term_string}"},"query-input":{"@type":"PropertyValueSpecification","valueRequired":true,"valueName":"search_term_string"}}],"inLanguage":"fr-FR"},{"@type":"Organization","@id":"https:\/\/crieur-public.com\/#organization","name":"Maison d'\u00e9dition franco-allemande","url":"https:\/\/crieur-public.com\/","logo":{"@type":"ImageObject","inLanguage":"fr-FR","@id":"https:\/\/crieur-public.com\/#\/schema\/logo\/image\/","url":"https:\/\/crieur-public.com\/wp-content\/uploads\/2024\/03\/cropped-les-editions-du-crieur-public-logo.png","contentUrl":"https:\/\/crieur-public.com\/wp-content\/uploads\/2024\/03\/cropped-les-editions-du-crieur-public-logo.png","width":1260,"height":406,"caption":"Maison d'\u00e9dition franco-allemande"},"image":{"@id":"https:\/\/crieur-public.com\/#\/schema\/logo\/image\/"}}]}},"_links":{"self":[{"href":"https:\/\/crieur-public.com\/fr\/wp-json\/wp\/v2\/pages\/715","targetHints":{"allow":["GET"]}}],"collection":[{"href":"https:\/\/crieur-public.com\/fr\/wp-json\/wp\/v2\/pages"}],"about":[{"href":"https:\/\/crieur-public.com\/fr\/wp-json\/wp\/v2\/types\/page"}],"author":[{"embeddable":true,"href":"https:\/\/crieur-public.com\/fr\/wp-json\/wp\/v2\/users\/3"}],"replies":[{"embeddable":true,"href":"https:\/\/crieur-public.com\/fr\/wp-json\/wp\/v2\/comments?post=715"}],"version-history":[{"count":1,"href":"https:\/\/crieur-public.com\/fr\/wp-json\/wp\/v2\/pages\/715\/revisions"}],"predecessor-version":[{"id":716,"href":"https:\/\/crieur-public.com\/fr\/wp-json\/wp\/v2\/pages\/715\/revisions\/716"}],"wp:attachment":[{"href":"https:\/\/crieur-public.com\/fr\/wp-json\/wp\/v2\/media?parent=715"}],"curies":[{"name":"wp","href":"https:\/\/api.w.org\/{rel}","templated":true}]}}