{"id":719,"date":"2020-03-09T17:21:46","date_gmt":"2020-03-09T16:21:46","guid":{"rendered":"https:\/\/crieur-public.com\/?page_id=719"},"modified":"2024-09-28T23:06:26","modified_gmt":"2024-09-28T21:06:26","slug":"qui-sommes-nous","status":"publish","type":"page","link":"https:\/\/crieur-public.com\/fr\/qui-sommes-nous\/","title":{"rendered":"Qui sommes-nous ?"},"content":{"rendered":"<h1>Qui sont Les \u00c9ditions du Crieur Public ?<\/h1>\n<h4>Le nom de la maison d&rsquo;\u00e9dition se traduit par \u00ab les \u00e9ditions du Crieur public \u00bb. Le crieur public est en quelque sorte l&rsquo;anc\u00eatre du journaliste d&rsquo;aujourd&rsquo;hui. On le trouvait d\u00e9j\u00e0 dans les rues de la Gr\u00e8ce antique, une cloche \u00e0 la main, il attirait la foule et annon\u00e7ait les nouvelles.<\/h4>\n<p>La maison d&rsquo;\u00e9dition publie principalement en fran\u00e7ais les \u0153uvres d&rsquo;\u00e9minents scientifiques, journalistes ou critiques francophones dans le domaine des sciences humaines, sociales et de l&rsquo;homme, et les incite \u00e9galement \u00e0 cr\u00e9er de nouveaux ouvrages.<\/p>\n<p>La publication des id\u00e9es, des connaissances et des opinions de ces intellectuels francophones doit permettre d&rsquo;apporter une petite contribution \u00e0 l&rsquo;\u00e9change d&rsquo;id\u00e9es entre la France et l&rsquo;Allemagne. Les d\u00e9bats et les discussions qui s&rsquo;y d\u00e9roulent doivent \u00e9galement pouvoir trouver un prolongement dans notre pays.<\/p>\n<p>L&rsquo;entreprise a \u00e9t\u00e9 fond\u00e9e en \u00e9t\u00e9 2010 \u00e0 Hambourg par la journaliste Yasmine Azzi-Kohlhepp, qui, dans le cadre de son activit\u00e9 d&rsquo;enseignante \u00e0 l&rsquo;universit\u00e9 de Hambourg, a remarqu\u00e9 qu&rsquo;il existait des lacunes dans l&rsquo;assortiment de livres allemands sur certains th\u00e8mes, et par son mari Kay H. Kohlhepp, conseiller en entreprise sp\u00e9cialis\u00e9 dans les m\u00e9dias.<\/p>\n<p>En 2020, il a \u00e9t\u00e9 d\u00e9cid\u00e9 d&rsquo;inclure occasionnellement des livres d&rsquo;auteurs germanophones dans le programme. L&rsquo;une des raisons de cette d\u00e9cision est un \u00ab pr\u00e9jug\u00e9 personnel \u00bb : Kay H. Kohlhepp a red\u00e9couvert les \u0153uvres de son grand-p\u00e8re Hermann E. Sch\u00fctte, qui \u00e9tait un artiste en mots et en images ainsi qu&rsquo; un commer\u00e7ant.<\/p>\n<p>En 2023, la maison d&rsquo;\u00e9dition a \u00e9galement commenc\u00e9 \u00e0 publier des livres en fran\u00e7ais et en anglais, auxquels se sont ajout\u00e9s des livres d&rsquo;art et des romans.<\/p>\n<p>Les livres d&rsquo;art sont g\u00e9n\u00e9ralement publi\u00e9s en collaboration avec la galerie Ayn, 20, rue Saint Louis en l&rsquo;Ile, 75004 Paris.<br \/>\nLa galerie a \u00e9t\u00e9 fond\u00e9e en 2017 par Yasmine Azzi-Kohlhepp.<\/p>\n","protected":false},"excerpt":{"rendered":"<p>Qui sont Les \u00c9ditions du Crieur Public ? Le nom de la maison d&rsquo;\u00e9dition se traduit par \u00ab les \u00e9ditions du Crieur public \u00bb. Le crieur public est en quelque sorte l&rsquo;anc\u00eatre du journaliste d&rsquo;aujourd&rsquo;hui. On le trouvait d\u00e9j\u00e0 dans les rues de la Gr\u00e8ce antique, une cloche \u00e0 la main, il attirait la foule &hellip; <a href=\"https:\/\/crieur-public.com\/fr\/qui-sommes-nous\/\" class=\"more-link\">Continuer la lecture de <span class=\"screen-reader-text\">Qui sommes-nous ?<\/span>  <span class=\"meta-nav\">&rarr;<\/span><\/a><\/p>\n","protected":false},"author":3,"featured_media":0,"parent":0,"menu_order":0,"comment_status":"closed","ping_status":"closed","template":"","meta":{"footnotes":""},"class_list":["post-719","page","type-page","status-publish","hentry"],"yoast_head":"<!-- This site is optimized with the Yoast SEO plugin v27.4 - https:\/\/yoast.com\/product\/yoast-seo-wordpress\/ -->\n<title>Qui sommes-nous ? - Crieur Public<\/title>\n<meta name=\"robots\" content=\"index, follow, max-snippet:-1, max-image-preview:large, max-video-preview:-1\" \/>\n<link rel=\"canonical\" href=\"https:\/\/crieur-public.com\/fr\/qui-sommes-nous\/\" \/>\n<meta property=\"og:locale\" content=\"fr_FR\" \/>\n<meta property=\"og:type\" content=\"article\" \/>\n<meta property=\"og:title\" content=\"Qui sommes-nous ? - Crieur Public\" \/>\n<meta property=\"og:description\" content=\"Qui sont Les \u00c9ditions du Crieur Public ? Le nom de la maison d&rsquo;\u00e9dition se traduit par \u00ab les \u00e9ditions du Crieur public \u00bb. Le crieur public est en quelque sorte l&rsquo;anc\u00eatre du journaliste d&rsquo;aujourd&rsquo;hui. On le trouvait d\u00e9j\u00e0 dans les rues de la Gr\u00e8ce antique, une cloche \u00e0 la main, il attirait la foule &hellip; Continuer la lecture de Qui sommes-nous ? &rarr;\" \/>\n<meta property=\"og:url\" content=\"https:\/\/crieur-public.com\/fr\/qui-sommes-nous\/\" \/>\n<meta property=\"og:site_name\" content=\"Crieur Public\" \/>\n<meta property=\"article:modified_time\" content=\"2024-09-28T21:06:26+00:00\" \/>\n<meta name=\"twitter:card\" content=\"summary_large_image\" \/>\n<meta name=\"twitter:label1\" content=\"Dur\u00e9e de lecture estim\u00e9e\" \/>\n\t<meta name=\"twitter:data1\" content=\"2 minutes\" \/>\n<script type=\"application\/ld+json\" class=\"yoast-schema-graph\">{\"@context\":\"https:\\\/\\\/schema.org\",\"@graph\":[{\"@type\":\"WebPage\",\"@id\":\"https:\\\/\\\/crieur-public.com\\\/fr\\\/qui-sommes-nous\\\/\",\"url\":\"https:\\\/\\\/crieur-public.com\\\/fr\\\/qui-sommes-nous\\\/\",\"name\":\"Qui sommes-nous ? - Crieur Public\",\"isPartOf\":{\"@id\":\"https:\\\/\\\/crieur-public.com\\\/#website\"},\"datePublished\":\"2020-03-09T16:21:46+00:00\",\"dateModified\":\"2024-09-28T21:06:26+00:00\",\"breadcrumb\":{\"@id\":\"https:\\\/\\\/crieur-public.com\\\/fr\\\/qui-sommes-nous\\\/#breadcrumb\"},\"inLanguage\":\"fr-FR\",\"potentialAction\":[{\"@type\":\"ReadAction\",\"target\":[\"https:\\\/\\\/crieur-public.com\\\/fr\\\/qui-sommes-nous\\\/\"]}]},{\"@type\":\"BreadcrumbList\",\"@id\":\"https:\\\/\\\/crieur-public.com\\\/fr\\\/qui-sommes-nous\\\/#breadcrumb\",\"itemListElement\":[{\"@type\":\"ListItem\",\"position\":1,\"name\":\"Startseite\",\"item\":\"https:\\\/\\\/crieur-public.com\\\/\"},{\"@type\":\"ListItem\",\"position\":2,\"name\":\"Qui sommes-nous ?\"}]},{\"@type\":\"WebSite\",\"@id\":\"https:\\\/\\\/crieur-public.com\\\/#website\",\"url\":\"https:\\\/\\\/crieur-public.com\\\/\",\"name\":\"Crieur Public - Der \u00f6ffentliche Ausrufer \u00b7 Deutsch-franz\u00f6sischer Verlag\",\"description\":\"Deutsch-franz\u00f6sischer Verlag\",\"publisher\":{\"@id\":\"https:\\\/\\\/crieur-public.com\\\/#organization\"},\"potentialAction\":[{\"@type\":\"SearchAction\",\"target\":{\"@type\":\"EntryPoint\",\"urlTemplate\":\"https:\\\/\\\/crieur-public.com\\\/?s={search_term_string}\"},\"query-input\":{\"@type\":\"PropertyValueSpecification\",\"valueRequired\":true,\"valueName\":\"search_term_string\"}}],\"inLanguage\":\"fr-FR\"},{\"@type\":\"Organization\",\"@id\":\"https:\\\/\\\/crieur-public.com\\\/#organization\",\"name\":\"Maison d'\u00e9dition franco-allemande\",\"url\":\"https:\\\/\\\/crieur-public.com\\\/\",\"logo\":{\"@type\":\"ImageObject\",\"inLanguage\":\"fr-FR\",\"@id\":\"https:\\\/\\\/crieur-public.com\\\/#\\\/schema\\\/logo\\\/image\\\/\",\"url\":\"https:\\\/\\\/crieur-public.com\\\/wp-content\\\/uploads\\\/2024\\\/03\\\/cropped-les-editions-du-crieur-public-logo.png\",\"contentUrl\":\"https:\\\/\\\/crieur-public.com\\\/wp-content\\\/uploads\\\/2024\\\/03\\\/cropped-les-editions-du-crieur-public-logo.png\",\"width\":1260,\"height\":406,\"caption\":\"Maison d'\u00e9dition franco-allemande\"},\"image\":{\"@id\":\"https:\\\/\\\/crieur-public.com\\\/#\\\/schema\\\/logo\\\/image\\\/\"}}]}<\/script>\n<!-- \/ Yoast SEO plugin. -->","yoast_head_json":{"title":"Qui sommes-nous ? - Crieur Public","robots":{"index":"index","follow":"follow","max-snippet":"max-snippet:-1","max-image-preview":"max-image-preview:large","max-video-preview":"max-video-preview:-1"},"canonical":"https:\/\/crieur-public.com\/fr\/qui-sommes-nous\/","og_locale":"fr_FR","og_type":"article","og_title":"Qui sommes-nous ? - Crieur Public","og_description":"Qui sont Les \u00c9ditions du Crieur Public ? Le nom de la maison d&rsquo;\u00e9dition se traduit par \u00ab les \u00e9ditions du Crieur public \u00bb. Le crieur public est en quelque sorte l&rsquo;anc\u00eatre du journaliste d&rsquo;aujourd&rsquo;hui. On le trouvait d\u00e9j\u00e0 dans les rues de la Gr\u00e8ce antique, une cloche \u00e0 la main, il attirait la foule &hellip; Continuer la lecture de Qui sommes-nous ? &rarr;","og_url":"https:\/\/crieur-public.com\/fr\/qui-sommes-nous\/","og_site_name":"Crieur Public","article_modified_time":"2024-09-28T21:06:26+00:00","twitter_card":"summary_large_image","twitter_misc":{"Dur\u00e9e de lecture estim\u00e9e":"2 minutes"},"schema":{"@context":"https:\/\/schema.org","@graph":[{"@type":"WebPage","@id":"https:\/\/crieur-public.com\/fr\/qui-sommes-nous\/","url":"https:\/\/crieur-public.com\/fr\/qui-sommes-nous\/","name":"Qui sommes-nous ? - Crieur Public","isPartOf":{"@id":"https:\/\/crieur-public.com\/#website"},"datePublished":"2020-03-09T16:21:46+00:00","dateModified":"2024-09-28T21:06:26+00:00","breadcrumb":{"@id":"https:\/\/crieur-public.com\/fr\/qui-sommes-nous\/#breadcrumb"},"inLanguage":"fr-FR","potentialAction":[{"@type":"ReadAction","target":["https:\/\/crieur-public.com\/fr\/qui-sommes-nous\/"]}]},{"@type":"BreadcrumbList","@id":"https:\/\/crieur-public.com\/fr\/qui-sommes-nous\/#breadcrumb","itemListElement":[{"@type":"ListItem","position":1,"name":"Startseite","item":"https:\/\/crieur-public.com\/"},{"@type":"ListItem","position":2,"name":"Qui sommes-nous ?"}]},{"@type":"WebSite","@id":"https:\/\/crieur-public.com\/#website","url":"https:\/\/crieur-public.com\/","name":"Crieur Public - Der \u00f6ffentliche Ausrufer \u00b7 Deutsch-franz\u00f6sischer Verlag","description":"Deutsch-franz\u00f6sischer Verlag","publisher":{"@id":"https:\/\/crieur-public.com\/#organization"},"potentialAction":[{"@type":"SearchAction","target":{"@type":"EntryPoint","urlTemplate":"https:\/\/crieur-public.com\/?s={search_term_string}"},"query-input":{"@type":"PropertyValueSpecification","valueRequired":true,"valueName":"search_term_string"}}],"inLanguage":"fr-FR"},{"@type":"Organization","@id":"https:\/\/crieur-public.com\/#organization","name":"Maison d'\u00e9dition franco-allemande","url":"https:\/\/crieur-public.com\/","logo":{"@type":"ImageObject","inLanguage":"fr-FR","@id":"https:\/\/crieur-public.com\/#\/schema\/logo\/image\/","url":"https:\/\/crieur-public.com\/wp-content\/uploads\/2024\/03\/cropped-les-editions-du-crieur-public-logo.png","contentUrl":"https:\/\/crieur-public.com\/wp-content\/uploads\/2024\/03\/cropped-les-editions-du-crieur-public-logo.png","width":1260,"height":406,"caption":"Maison d'\u00e9dition franco-allemande"},"image":{"@id":"https:\/\/crieur-public.com\/#\/schema\/logo\/image\/"}}]}},"_links":{"self":[{"href":"https:\/\/crieur-public.com\/fr\/wp-json\/wp\/v2\/pages\/719","targetHints":{"allow":["GET"]}}],"collection":[{"href":"https:\/\/crieur-public.com\/fr\/wp-json\/wp\/v2\/pages"}],"about":[{"href":"https:\/\/crieur-public.com\/fr\/wp-json\/wp\/v2\/types\/page"}],"author":[{"embeddable":true,"href":"https:\/\/crieur-public.com\/fr\/wp-json\/wp\/v2\/users\/3"}],"replies":[{"embeddable":true,"href":"https:\/\/crieur-public.com\/fr\/wp-json\/wp\/v2\/comments?post=719"}],"version-history":[{"count":3,"href":"https:\/\/crieur-public.com\/fr\/wp-json\/wp\/v2\/pages\/719\/revisions"}],"predecessor-version":[{"id":721,"href":"https:\/\/crieur-public.com\/fr\/wp-json\/wp\/v2\/pages\/719\/revisions\/721"}],"wp:attachment":[{"href":"https:\/\/crieur-public.com\/fr\/wp-json\/wp\/v2\/media?parent=719"}],"curies":[{"name":"wp","href":"https:\/\/api.w.org\/{rel}","templated":true}]}}