{"id":732,"date":"2020-03-09T16:49:43","date_gmt":"2020-03-09T15:49:43","guid":{"rendered":"https:\/\/crieur-public.com\/?page_id=732"},"modified":"2024-09-28T16:54:20","modified_gmt":"2024-09-28T14:54:20","slug":"mentions-legales","status":"publish","type":"page","link":"https:\/\/crieur-public.com\/fr\/mentions-legales\/","title":{"rendered":"Mentions l\u00e9gales :"},"content":{"rendered":"<p><strong>Les \u00c9ditions du Crieur Public GmbH<\/strong><br \/>\nM\u00f6nckebergstr. 31<br \/>\nD-20095 Hambourg<br \/>\nAllemagne<\/p>\n<p>T\u00e9l\u00e9phone +49 (0) 40 284 08 687<br \/>\nFax +49 (0) 40 284 08 685<\/p>\n<p>Courriel : info@crieur-public.com<\/p>\n<p>Informations obligatoires selon \u00a7\u00a7 5,6 TMG :<\/p>\n<p>D\u00e9signation l\u00e9gale :<br \/>\nLes \u00c9ditions du Crieur Public GmbH<\/p>\n<p>Repr\u00e9sentation l\u00e9gale :<br \/>\nAssoci\u00e9s g\u00e9rants :<br \/>\nYasmine Azzi-Kohlhepp<br \/>\nDr. Kay H. Kohlhepp<\/p>\n<p>Port\u00e9e des mentions l\u00e9gales :<br \/>\nCes mentions l\u00e9gales sont \u00e9galement valables pour notre cha\u00eene YouTube.<\/p>\n<p>Inscription au registre du commerce :<br \/>\nTribunal d&rsquo;instance de Hambourg HRB 114 157<\/p>\n<p>Num\u00e9ro de TVA intracommunautaire :<br \/>\nDE 272 366 255<\/p>\n","protected":false},"excerpt":{"rendered":"<p>Les \u00c9ditions du Crieur Public GmbH M\u00f6nckebergstr. 31 D-20095 Hambourg Allemagne T\u00e9l\u00e9phone +49 (0) 40 284 08 687 Fax +49 (0) 40 284 08 685 Courriel : info@crieur-public.com Informations obligatoires selon \u00a7\u00a7 5,6 TMG : D\u00e9signation l\u00e9gale : Les \u00c9ditions du Crieur Public GmbH Repr\u00e9sentation l\u00e9gale : Associ\u00e9s g\u00e9rants : Yasmine Azzi-Kohlhepp Dr. Kay H. &hellip; <a href=\"https:\/\/crieur-public.com\/fr\/mentions-legales\/\" class=\"more-link\">Continuer la lecture de <span class=\"screen-reader-text\">Mentions l\u00e9gales :<\/span>  <span class=\"meta-nav\">&rarr;<\/span><\/a><\/p>\n","protected":false},"author":3,"featured_media":0,"parent":0,"menu_order":0,"comment_status":"closed","ping_status":"open","template":"","meta":{"footnotes":""},"class_list":["post-732","page","type-page","status-publish","hentry"],"yoast_head":"<!-- This site is optimized with the Yoast SEO plugin v27.3 - https:\/\/yoast.com\/product\/yoast-seo-wordpress\/ -->\n<title>Mentions l\u00e9gales : - Crieur Public<\/title>\n<meta name=\"robots\" content=\"index, follow, max-snippet:-1, max-image-preview:large, max-video-preview:-1\" \/>\n<link rel=\"canonical\" href=\"https:\/\/crieur-public.com\/fr\/mentions-legales\/\" \/>\n<meta property=\"og:locale\" content=\"fr_FR\" \/>\n<meta property=\"og:type\" content=\"article\" \/>\n<meta property=\"og:title\" content=\"Mentions l\u00e9gales : - Crieur Public\" \/>\n<meta property=\"og:description\" content=\"Les \u00c9ditions du Crieur Public GmbH M\u00f6nckebergstr. 31 D-20095 Hambourg Allemagne T\u00e9l\u00e9phone +49 (0) 40 284 08 687 Fax +49 (0) 40 284 08 685 Courriel : info@crieur-public.com Informations obligatoires selon \u00a7\u00a7 5,6 TMG : D\u00e9signation l\u00e9gale : Les \u00c9ditions du Crieur Public GmbH Repr\u00e9sentation l\u00e9gale : Associ\u00e9s g\u00e9rants : Yasmine Azzi-Kohlhepp Dr. Kay H. &hellip; Continuer la lecture de Mentions l\u00e9gales : &rarr;\" \/>\n<meta property=\"og:url\" content=\"https:\/\/crieur-public.com\/fr\/mentions-legales\/\" \/>\n<meta property=\"og:site_name\" content=\"Crieur Public\" \/>\n<meta property=\"article:modified_time\" content=\"2024-09-28T14:54:20+00:00\" \/>\n<meta name=\"twitter:card\" content=\"summary_large_image\" \/>\n<meta name=\"twitter:label1\" content=\"Dur\u00e9e de lecture estim\u00e9e\" \/>\n\t<meta name=\"twitter:data1\" content=\"1 minute\" \/>\n<script type=\"application\/ld+json\" class=\"yoast-schema-graph\">{\"@context\":\"https:\\\/\\\/schema.org\",\"@graph\":[{\"@type\":\"WebPage\",\"@id\":\"https:\\\/\\\/crieur-public.com\\\/fr\\\/mentions-legales\\\/\",\"url\":\"https:\\\/\\\/crieur-public.com\\\/fr\\\/mentions-legales\\\/\",\"name\":\"Mentions l\u00e9gales : - Crieur Public\",\"isPartOf\":{\"@id\":\"https:\\\/\\\/crieur-public.com\\\/#website\"},\"datePublished\":\"2020-03-09T15:49:43+00:00\",\"dateModified\":\"2024-09-28T14:54:20+00:00\",\"breadcrumb\":{\"@id\":\"https:\\\/\\\/crieur-public.com\\\/fr\\\/mentions-legales\\\/#breadcrumb\"},\"inLanguage\":\"fr-FR\",\"potentialAction\":[{\"@type\":\"ReadAction\",\"target\":[\"https:\\\/\\\/crieur-public.com\\\/fr\\\/mentions-legales\\\/\"]}]},{\"@type\":\"BreadcrumbList\",\"@id\":\"https:\\\/\\\/crieur-public.com\\\/fr\\\/mentions-legales\\\/#breadcrumb\",\"itemListElement\":[{\"@type\":\"ListItem\",\"position\":1,\"name\":\"Startseite\",\"item\":\"https:\\\/\\\/crieur-public.com\\\/\"},{\"@type\":\"ListItem\",\"position\":2,\"name\":\"Mentions l\u00e9gales :\"}]},{\"@type\":\"WebSite\",\"@id\":\"https:\\\/\\\/crieur-public.com\\\/#website\",\"url\":\"https:\\\/\\\/crieur-public.com\\\/\",\"name\":\"Crieur Public - Der \u00f6ffentliche Ausrufer \u00b7 Deutsch-franz\u00f6sischer Verlag\",\"description\":\"Deutsch-franz\u00f6sischer Verlag\",\"publisher\":{\"@id\":\"https:\\\/\\\/crieur-public.com\\\/#organization\"},\"potentialAction\":[{\"@type\":\"SearchAction\",\"target\":{\"@type\":\"EntryPoint\",\"urlTemplate\":\"https:\\\/\\\/crieur-public.com\\\/?s={search_term_string}\"},\"query-input\":{\"@type\":\"PropertyValueSpecification\",\"valueRequired\":true,\"valueName\":\"search_term_string\"}}],\"inLanguage\":\"fr-FR\"},{\"@type\":\"Organization\",\"@id\":\"https:\\\/\\\/crieur-public.com\\\/#organization\",\"name\":\"Maison d'\u00e9dition franco-allemande\",\"url\":\"https:\\\/\\\/crieur-public.com\\\/\",\"logo\":{\"@type\":\"ImageObject\",\"inLanguage\":\"fr-FR\",\"@id\":\"https:\\\/\\\/crieur-public.com\\\/#\\\/schema\\\/logo\\\/image\\\/\",\"url\":\"https:\\\/\\\/crieur-public.com\\\/wp-content\\\/uploads\\\/2024\\\/03\\\/cropped-les-editions-du-crieur-public-logo.png\",\"contentUrl\":\"https:\\\/\\\/crieur-public.com\\\/wp-content\\\/uploads\\\/2024\\\/03\\\/cropped-les-editions-du-crieur-public-logo.png\",\"width\":1260,\"height\":406,\"caption\":\"Maison d'\u00e9dition franco-allemande\"},\"image\":{\"@id\":\"https:\\\/\\\/crieur-public.com\\\/#\\\/schema\\\/logo\\\/image\\\/\"}}]}<\/script>\n<!-- \/ Yoast SEO plugin. -->","yoast_head_json":{"title":"Mentions l\u00e9gales : - Crieur Public","robots":{"index":"index","follow":"follow","max-snippet":"max-snippet:-1","max-image-preview":"max-image-preview:large","max-video-preview":"max-video-preview:-1"},"canonical":"https:\/\/crieur-public.com\/fr\/mentions-legales\/","og_locale":"fr_FR","og_type":"article","og_title":"Mentions l\u00e9gales : - Crieur Public","og_description":"Les \u00c9ditions du Crieur Public GmbH M\u00f6nckebergstr. 31 D-20095 Hambourg Allemagne T\u00e9l\u00e9phone +49 (0) 40 284 08 687 Fax +49 (0) 40 284 08 685 Courriel : info@crieur-public.com Informations obligatoires selon \u00a7\u00a7 5,6 TMG : D\u00e9signation l\u00e9gale : Les \u00c9ditions du Crieur Public GmbH Repr\u00e9sentation l\u00e9gale : Associ\u00e9s g\u00e9rants : Yasmine Azzi-Kohlhepp Dr. Kay H. &hellip; Continuer la lecture de Mentions l\u00e9gales : &rarr;","og_url":"https:\/\/crieur-public.com\/fr\/mentions-legales\/","og_site_name":"Crieur Public","article_modified_time":"2024-09-28T14:54:20+00:00","twitter_card":"summary_large_image","twitter_misc":{"Dur\u00e9e de lecture estim\u00e9e":"1 minute"},"schema":{"@context":"https:\/\/schema.org","@graph":[{"@type":"WebPage","@id":"https:\/\/crieur-public.com\/fr\/mentions-legales\/","url":"https:\/\/crieur-public.com\/fr\/mentions-legales\/","name":"Mentions l\u00e9gales : - Crieur Public","isPartOf":{"@id":"https:\/\/crieur-public.com\/#website"},"datePublished":"2020-03-09T15:49:43+00:00","dateModified":"2024-09-28T14:54:20+00:00","breadcrumb":{"@id":"https:\/\/crieur-public.com\/fr\/mentions-legales\/#breadcrumb"},"inLanguage":"fr-FR","potentialAction":[{"@type":"ReadAction","target":["https:\/\/crieur-public.com\/fr\/mentions-legales\/"]}]},{"@type":"BreadcrumbList","@id":"https:\/\/crieur-public.com\/fr\/mentions-legales\/#breadcrumb","itemListElement":[{"@type":"ListItem","position":1,"name":"Startseite","item":"https:\/\/crieur-public.com\/"},{"@type":"ListItem","position":2,"name":"Mentions l\u00e9gales :"}]},{"@type":"WebSite","@id":"https:\/\/crieur-public.com\/#website","url":"https:\/\/crieur-public.com\/","name":"Crieur Public - Der \u00f6ffentliche Ausrufer \u00b7 Deutsch-franz\u00f6sischer Verlag","description":"Deutsch-franz\u00f6sischer Verlag","publisher":{"@id":"https:\/\/crieur-public.com\/#organization"},"potentialAction":[{"@type":"SearchAction","target":{"@type":"EntryPoint","urlTemplate":"https:\/\/crieur-public.com\/?s={search_term_string}"},"query-input":{"@type":"PropertyValueSpecification","valueRequired":true,"valueName":"search_term_string"}}],"inLanguage":"fr-FR"},{"@type":"Organization","@id":"https:\/\/crieur-public.com\/#organization","name":"Maison d'\u00e9dition franco-allemande","url":"https:\/\/crieur-public.com\/","logo":{"@type":"ImageObject","inLanguage":"fr-FR","@id":"https:\/\/crieur-public.com\/#\/schema\/logo\/image\/","url":"https:\/\/crieur-public.com\/wp-content\/uploads\/2024\/03\/cropped-les-editions-du-crieur-public-logo.png","contentUrl":"https:\/\/crieur-public.com\/wp-content\/uploads\/2024\/03\/cropped-les-editions-du-crieur-public-logo.png","width":1260,"height":406,"caption":"Maison d'\u00e9dition franco-allemande"},"image":{"@id":"https:\/\/crieur-public.com\/#\/schema\/logo\/image\/"}}]}},"_links":{"self":[{"href":"https:\/\/crieur-public.com\/fr\/wp-json\/wp\/v2\/pages\/732","targetHints":{"allow":["GET"]}}],"collection":[{"href":"https:\/\/crieur-public.com\/fr\/wp-json\/wp\/v2\/pages"}],"about":[{"href":"https:\/\/crieur-public.com\/fr\/wp-json\/wp\/v2\/types\/page"}],"author":[{"embeddable":true,"href":"https:\/\/crieur-public.com\/fr\/wp-json\/wp\/v2\/users\/3"}],"replies":[{"embeddable":true,"href":"https:\/\/crieur-public.com\/fr\/wp-json\/wp\/v2\/comments?post=732"}],"version-history":[{"count":1,"href":"https:\/\/crieur-public.com\/fr\/wp-json\/wp\/v2\/pages\/732\/revisions"}],"predecessor-version":[{"id":733,"href":"https:\/\/crieur-public.com\/fr\/wp-json\/wp\/v2\/pages\/732\/revisions\/733"}],"wp:attachment":[{"href":"https:\/\/crieur-public.com\/fr\/wp-json\/wp\/v2\/media?parent=732"}],"curies":[{"name":"wp","href":"https:\/\/api.w.org\/{rel}","templated":true}]}}